{"id":6600,"date":"2026-03-10T08:21:50","date_gmt":"2026-03-10T08:21:50","guid":{"rendered":"https:\/\/pruebas.cursopracticoseo.com\/wordpress_o\/?page_id=6600"},"modified":"2026-03-11T09:56:55","modified_gmt":"2026-03-11T09:56:55","slug":"adornos-florales","status":"publish","type":"page","link":"https:\/\/pruebas.cursopracticoseo.com\/wordpress_o\/adornos-florales\/","title":{"rendered":"Adornos Florales"},"content":{"rendered":"\t\t<div data-elementor-type=\"wp-page\" data-elementor-id=\"6600\" class=\"elementor elementor-6600\" data-elementor-post-type=\"page\">\n\t\t\t\t<div data-particle_enable=\"false\" data-particle-mobile-disabled=\"false\" class=\"elementor-element elementor-element-1ec9d51 e-flex e-con-boxed e-con e-parent\" data-id=\"1ec9d51\" data-element_type=\"container\" data-e-type=\"container\" data-settings=\"{&quot;background_background&quot;:&quot;classic&quot;}\">\n\t\t\t\t\t<div class=\"e-con-inner\">\n\t\t\t\t<div class=\"elementor-element elementor-element-1e47333 elementor-widget elementor-widget-heading\" data-id=\"1e47333\" data-element_type=\"widget\" data-e-type=\"widget\" data-widget_type=\"heading.default\">\n\t\t\t\t\t<h2 class=\"elementor-heading-title elementor-size-default\">Adornos Florales<\/h2>\t\t\t\t<\/div>\n\t\t\t\t\t<\/div>\n\t\t\t\t<\/div>\n\t\t<div data-particle_enable=\"false\" data-particle-mobile-disabled=\"false\" class=\"elementor-element elementor-element-5f86ffc e-flex e-con-boxed e-con e-parent\" data-id=\"5f86ffc\" data-element_type=\"container\" data-e-type=\"container\" data-settings=\"{&quot;background_background&quot;:&quot;classic&quot;}\">\n\t\t\t\t\t<div class=\"e-con-inner\">\n\t\t<div data-particle_enable=\"false\" data-particle-mobile-disabled=\"false\" class=\"elementor-element elementor-element-2a6d7f4 e-con-full e-flex e-con e-child\" data-id=\"2a6d7f4\" data-element_type=\"container\" data-e-type=\"container\">\n\t\t\t\t<div class=\"elementor-element elementor-element-8dba357 elementor-widget elementor-widget-heading\" data-id=\"8dba357\" data-element_type=\"widget\" data-e-type=\"widget\" data-widget_type=\"heading.default\">\n\t\t\t\t\t<h2 class=\"elementor-heading-title elementor-size-default\">De los montes de claveles al simbolismo de la fruta: as\u00ed es la ornamentaci\u00f3n floral que hace de la Semana Santa leonesa una de las m\u00e1s ostentosas y \u00fanicas de Espa\u00f1a.<\/h2>\t\t\t\t<\/div>\n\t\t\t\t<\/div>\n\t\t<div data-particle_enable=\"false\" data-particle-mobile-disabled=\"false\" class=\"elementor-element elementor-element-df34345 e-con-full e-flex e-con e-child\" data-id=\"df34345\" data-element_type=\"container\" data-e-type=\"container\">\n\t\t<div data-particle_enable=\"false\" data-particle-mobile-disabled=\"false\" class=\"elementor-element elementor-element-1772779 e-grid e-con-full e-con e-child\" data-id=\"1772779\" data-element_type=\"container\" data-e-type=\"container\">\n\t\t\t\t<div class=\"elementor-element elementor-element-ff96732 elementor-widget elementor-widget-image\" data-id=\"ff96732\" data-element_type=\"widget\" data-e-type=\"widget\" data-widget_type=\"image.default\">\n\t\t\t\t\t\t\t\t\t\t\t\t\t\t\t<img fetchpriority=\"high\" decoding=\"async\" width=\"500\" height=\"350\" src=\"https:\/\/pruebas.cursopracticoseo.com\/wordpress_o\/wp-content\/uploads\/2026\/02\/img_4411.jpg\" class=\"attachment-large size-large wp-image-3290\" alt=\"cena\" srcset=\"https:\/\/pruebas.cursopracticoseo.com\/wordpress_o\/wp-content\/uploads\/2026\/02\/img_4411.jpg 500w, https:\/\/pruebas.cursopracticoseo.com\/wordpress_o\/wp-content\/uploads\/2026\/02\/img_4411-300x210.jpg 300w\" sizes=\"(max-width: 500px) 100vw, 500px\" \/>\t\t\t\t\t\t\t\t\t\t\t\t\t\t\t<\/div>\n\t\t\t\t<\/div>\n\t\t\t\t<\/div>\n\t\t\t\t\t<\/div>\n\t\t\t\t<\/div>\n\t\t<div data-particle_enable=\"false\" data-particle-mobile-disabled=\"false\" class=\"elementor-element elementor-element-f8e03ee e-flex e-con-boxed e-con e-parent\" data-id=\"f8e03ee\" data-element_type=\"container\" data-e-type=\"container\">\n\t\t\t\t\t<div class=\"e-con-inner\">\n\t\t\t\t<div class=\"elementor-element elementor-element-c1d439e elementor-widget elementor-widget-text-editor\" data-id=\"c1d439e\" data-element_type=\"widget\" data-e-type=\"widget\" data-widget_type=\"text-editor.default\">\n\t\t\t\t\t\t\t\t\t<p>La Semana Santa de Le\u00f3n, declarada de Inter\u00e9s Tur\u00edstico Internacional, se distingue de la sobriedad y austeridad que predomina en otras ciudades del norte de Espa\u00f1a por una apuesta decidida por la <strong>ostentaci\u00f3n y la riqueza visual<\/strong>. En este escenario, el exorno floral no es un mero complemento, sino un elemento estructural que <strong>define la personalidad de sus procesiones<\/strong> y diferencia a la capital leonesa de cualquier otra ciudad de Espa\u00f1a.<\/p>\t\t\t\t\t\t\t\t<\/div>\n\t\t\t\t<div class=\"elementor-element elementor-element-879b034 elementor-widget elementor-widget-heading\" data-id=\"879b034\" data-element_type=\"widget\" data-e-type=\"widget\" data-widget_type=\"heading.default\">\n\t\t\t\t\t<h2 class=\"elementor-heading-title elementor-size-default\">La exuberancia floral como sello de identidad leonesa<\/h2>\t\t\t\t<\/div>\n\t\t\t\t<div class=\"elementor-element elementor-element-b00b59f elementor-widget elementor-widget-text-editor\" data-id=\"b00b59f\" data-element_type=\"widget\" data-e-type=\"widget\" data-widget_type=\"text-editor.default\">\n\t\t\t\t\t\t\t\t\t<p data-path-to-node=\"3\">Mientras que en otros lugares la t\u00f3nica general se basa en desfiles solemnes donde la flor tiene una presencia discreta o incluso inexistente, en Le\u00f3n el exorno floral es una <b data-path-to-node=\"3\" data-index-in-node=\"263\">se\u00f1a de identidad<\/b>.<\/p><p data-path-to-node=\"4\">La magnitud de los tronos leoneses, notablemente m\u00e1s grandes que los de otras regiones, exige una cantidad de arreglos muy superior. Esta decoraci\u00f3n no se entiende como un campo liso, sino como composiciones que <b data-path-to-node=\"4\" data-index-in-node=\"212\">rebosan por fuera de los tronos<\/b>, creando conjuntos volum\u00e9tricos que acompa\u00f1an el caracter\u00edstico \u00abbaile\u00bb de los pasos a hombros de los papones.<\/p>\t\t\t\t\t\t\t\t<\/div>\n\t\t\t\t<div class=\"elementor-element elementor-element-130d54b elementor-widget elementor-widget-heading\" data-id=\"130d54b\" data-element_type=\"widget\" data-e-type=\"widget\" data-widget_type=\"heading.default\">\n\t\t\t\t\t<h2 class=\"elementor-heading-title elementor-size-default\">Una identidad visual propia<\/h2>\t\t\t\t<\/div>\n\t\t\t\t<div class=\"elementor-element elementor-element-4ba9f5e elementor-widget elementor-widget-text-editor\" data-id=\"4ba9f5e\" data-element_type=\"widget\" data-e-type=\"widget\" data-widget_type=\"text-editor.default\">\n\t\t\t\t\t\t\t\t\t<p data-path-to-node=\"9\">La Semana Santa de Le\u00f3n destaca por la libertad creativa con la que cada Cofrad\u00eda proyecta su imagen en la calle. El exorno floral no sigue un patr\u00f3n r\u00edgido, sino que evoluciona cada a\u00f1o para reforzar la personalidad del paso. Esta capacidad de innovaci\u00f3n permite que los arreglos florales se conviertan en una aut\u00e9ntica firma visual, donde la elecci\u00f3n de la flor y su disposici\u00f3n art\u00edstica son fundamentales para transmitir el sentimiento de la Cofrad\u00eda.<\/p><p data-path-to-node=\"10\">El proceso de montaje es una exhibici\u00f3n de destreza t\u00e9cnica, durante varias horas de trabajo intenso, los floristas y equipos de las Cofrad\u00edas transforman los tronos en escenarios vibrantes. Al realizarse la colocaci\u00f3n de forma manual y directa sobre el trono, se logra una integraci\u00f3n perfecta entre la madera, la plata y el elemento natural, asegurando que el conjunto mantenga su perfecci\u00f3n est\u00e9tica durante todo el recorrido procesional.<\/p>\t\t\t\t\t\t\t\t<\/div>\n\t\t\t\t<div class=\"elementor-element elementor-element-fb9d98b elementor-widget elementor-widget-heading\" data-id=\"fb9d98b\" data-element_type=\"widget\" data-e-type=\"widget\" data-widget_type=\"heading.default\">\n\t\t\t\t\t<h2 class=\"elementor-heading-title elementor-size-default\">Frutas y hortalizas, un rasgo diferencial<\/h2>\t\t\t\t<\/div>\n\t\t\t\t<div class=\"elementor-element elementor-element-76bf411 elementor-widget elementor-widget-text-editor\" data-id=\"76bf411\" data-element_type=\"widget\" data-e-type=\"widget\" data-widget_type=\"text-editor.default\">\n\t\t\t\t\t\t\t\t\t<p>Si hay un elemento que define la personalidad propia de la Semana Santa de Le\u00f3n y la convierte en un referente de originalidad, es la <strong>incorporaci\u00f3n de frutas y hortalizas en sus exornos<\/strong>. Esta tradici\u00f3n, que comenz\u00f3 a cobrar fuerza a finales de los a\u00f1os setenta, ha evolucionado hasta convertirse en un rasgo distintivo que dota a los tronos de una riqueza crom\u00e1tica y una textura dif\u00edciles de encontrar en otras celebraciones.<\/p><p>Lejos de ser un a\u00f1adido aleatorio, la integraci\u00f3n de estos elementos naturales responde a una cuidadosa planificaci\u00f3n est\u00e9tica. Las frutas no se presentan como un campo liso, sino que se entrelazan con las flores formando guirnaldas, centros y bodegones que rebosan de los l\u00edmites del trono.\u00a0<\/p>\t\t\t\t\t\t\t\t<\/div>\n\t\t\t\t<div class=\"elementor-element elementor-element-b2f5813 elementor-widget elementor-widget-heading\" data-id=\"b2f5813\" data-element_type=\"widget\" data-e-type=\"widget\" data-widget_type=\"heading.default\">\n\t\t\t\t\t<h2 class=\"elementor-heading-title elementor-size-default\">El reparto de la flor<\/h2>\t\t\t\t<\/div>\n\t\t\t\t<div class=\"elementor-element elementor-element-2839005 elementor-widget elementor-widget-text-editor\" data-id=\"2839005\" data-element_type=\"widget\" data-e-type=\"widget\" data-widget_type=\"text-editor.default\">\n\t\t\t\t\t\t\t\t\t<p data-path-to-node=\"16\">La vida del exorno floral no termina con la recogida del \u00faltimo paso. Al finalizar la procesi\u00f3n, existe una tradici\u00f3n profundamente arraigada en la que los papones esperan el desmontaje de los centros para llevarse un <b data-path-to-node=\"16\" data-index-in-node=\"234\">\u00abrecuerdo\u00bb floral<\/b> a sus casas.<\/p><p data-path-to-node=\"17\">Este protocolo de reparto es tan relevante que muchas Cofrad\u00edas adquieren flores adicionales para asegurar que todos los participantes puedan conservar una muestra de la ornamentaci\u00f3n, convirtiendo el patrimonio ef\u00edmero de la procesi\u00f3n en un objeto de devoci\u00f3n privada en los hogares leoneses.<\/p>\t\t\t\t\t\t\t\t<\/div>\n\t\t\t\t\t<\/div>\n\t\t\t\t<\/div>\n\t\t\t\t<\/div>\n\t\t","protected":false},"excerpt":{"rendered":"<p>De los montes de claveles al simbolismo de la fruta: as\u00ed es la ornamentaci\u00f3n floral que hace de la Semana Santa leonesa una de las m\u00e1s ostentosas y \u00fanicas de Espa\u00f1a. La Semana Santa de Le\u00f3n, declarada de Inter\u00e9s Tur\u00edstico Internacional, se distingue de la sobriedad y austeridad que predomina en otras ciudades del norte [&hellip;]<\/p>\n","protected":false},"author":1,"featured_media":0,"parent":0,"menu_order":0,"comment_status":"closed","ping_status":"closed","template":"elementor_header_footer","meta":{"footnotes":""},"class_list":["post-6600","page","type-page","status-publish","hentry"],"_links":{"self":[{"href":"https:\/\/pruebas.cursopracticoseo.com\/wordpress_o\/wp-json\/wp\/v2\/pages\/6600","targetHints":{"allow":["GET"]}}],"collection":[{"href":"https:\/\/pruebas.cursopracticoseo.com\/wordpress_o\/wp-json\/wp\/v2\/pages"}],"about":[{"href":"https:\/\/pruebas.cursopracticoseo.com\/wordpress_o\/wp-json\/wp\/v2\/types\/page"}],"author":[{"embeddable":true,"href":"https:\/\/pruebas.cursopracticoseo.com\/wordpress_o\/wp-json\/wp\/v2\/users\/1"}],"replies":[{"embeddable":true,"href":"https:\/\/pruebas.cursopracticoseo.com\/wordpress_o\/wp-json\/wp\/v2\/comments?post=6600"}],"version-history":[{"count":37,"href":"https:\/\/pruebas.cursopracticoseo.com\/wordpress_o\/wp-json\/wp\/v2\/pages\/6600\/revisions"}],"predecessor-version":[{"id":6855,"href":"https:\/\/pruebas.cursopracticoseo.com\/wordpress_o\/wp-json\/wp\/v2\/pages\/6600\/revisions\/6855"}],"wp:attachment":[{"href":"https:\/\/pruebas.cursopracticoseo.com\/wordpress_o\/wp-json\/wp\/v2\/media?parent=6600"}],"curies":[{"name":"wp","href":"https:\/\/api.w.org\/{rel}","templated":true}]}}