{"id":238,"date":"2026-01-19T15:16:45","date_gmt":"2026-01-19T15:16:45","guid":{"rendered":"https:\/\/pruebas.cursopracticoseo.com\/wordpress_o\/?page_id=238"},"modified":"2026-03-04T19:07:36","modified_gmt":"2026-03-04T19:07:36","slug":"politica-de-cookies","status":"publish","type":"page","link":"https:\/\/pruebas.cursopracticoseo.com\/wordpress_o\/politica-de-cookies\/","title":{"rendered":"Pol\u00edtica de cookies"},"content":{"rendered":"\t\t<div data-elementor-type=\"wp-page\" data-elementor-id=\"238\" class=\"elementor elementor-238\" data-elementor-post-type=\"page\">\n\t\t\t\t<div data-particle_enable=\"false\" data-particle-mobile-disabled=\"false\" class=\"elementor-element elementor-element-dbc2fe1 e-flex e-con-boxed e-con e-parent\" data-id=\"dbc2fe1\" data-element_type=\"container\" data-e-type=\"container\" data-settings=\"{&quot;background_background&quot;:&quot;gradient&quot;}\">\n\t\t\t\t\t<div class=\"e-con-inner\">\n\t\t\t\t<div class=\"elementor-element elementor-element-67ab9cb elementor-widget elementor-widget-heading\" data-id=\"67ab9cb\" data-element_type=\"widget\" data-e-type=\"widget\" data-widget_type=\"heading.default\">\n\t\t\t\t\t<h2 class=\"elementor-heading-title elementor-size-default\">Pol\u00edtica de cookies<\/h2>\t\t\t\t<\/div>\n\t\t\t\t\t<\/div>\n\t\t\t\t<\/div>\n\t\t<div data-particle_enable=\"false\" data-particle-mobile-disabled=\"false\" class=\"elementor-element elementor-element-a75a1eb e-flex e-con-boxed e-con e-parent\" data-id=\"a75a1eb\" data-element_type=\"container\" data-e-type=\"container\">\n\t\t\t\t\t<div class=\"e-con-inner\">\n\t\t\t\t<div class=\"elementor-element elementor-element-c8a4371 elementor-widget elementor-widget-text-editor\" data-id=\"c8a4371\" data-element_type=\"widget\" data-e-type=\"widget\" data-widget_type=\"text-editor.default\">\n\t\t\t\t\t\t\t\t\t<p>El presente sitio\u00a0<a href=\"http:\/\/www.semanasantaleon.org\/\" target=\"_blank\" rel=\"noopener\"><strong>http:\/\/www.semanasantaleon.org<\/strong><\/a>, titularidad de\u00a0<strong>Junta Mayor de Cofrad\u00edas y Hermandades de la Semana Santa de Le\u00f3n<\/strong>\u00a0utiliza cookies propias y de terceros para mejorar la experiencia de usuario y ofrecer contenidos adaptados a sus intereses, mediante la personalizaci\u00f3n de espacios publicitarios. Con el registro en la web y\/o la mera navegaci\u00f3n (con el navegador habilitado para aceptar cookies) el usuario acepta la instalaci\u00f3n de cookies, salvo que se oponga a ello, tal y como se informa nuestra Pol\u00edtica de Cookies.<br \/><br \/>Puede configurar su navegador para ser avisado en pantalla de la recepci\u00f3n de cookies y aceptarlas o no individualmente as\u00ed como para impedir por defecto su instalaci\u00f3n.<br \/><br \/>Puedes encontrar en nuestro sitio web enlaces a otros portales, por favor, recuerda que no ejercemos control alguno sobre dichos portales o sitios web, ni es responsable del contenido de los mismos ni de las cookies que empleen.<\/p><p><strong>\u00bfQu\u00e9 es una cookie?<\/strong><\/p><p>Una \u201cCookie\u201d es un peque\u00f1o archivo de texto que un sitio web almacena en el navegador del usuario. Las cookies facilitan el uso y la navegaci\u00f3n por una p\u00e1gina web y son esenciales para el funcionamiento de internet, aportando innumerables ventajas en la prestaci\u00f3n de servicios interactivos.<\/p><p>Las cookies se utilizan, por ejemplo, para gestionar la sesi\u00f3n del usuario (reduciendo el n\u00famero de veces que tiene que incluir su contrase\u00f1a), mejorar los servicios ofrecidos, o para adecuar los contenidos de una p\u00e1gina web a sus preferencias.<\/p><p>Las cookies pueden ser de \u201csesi\u00f3n\u201d, por lo que se borrar\u00e1n una vez el usuario abandone la p\u00e1gina web que las gener\u00f3 o \u201cpersistentes\u201d, que permanecen en su ordenador hasta una fecha determinada.<\/p><p>Asimismo las Cookies pueden ser \u201cpropias\u201d, gestionadas por el dominio al que el usuario accede y del que solicita un determinado servicio (en este caso los dominios titularidad de Vodafone) o \u201ccookies de terceros\u201d, enviadas al equipo de usuario desde un dominio diferente al que se accede.<\/p><p><strong>Cookies posiblemente utilizadas<\/strong><br \/><br \/><\/p><ol><li><strong>Cookies Anal\u00edticas<\/strong><p>Para recabar estad\u00edsticas sobre la actividad del usuario al visitar la p\u00e1gina y la actividad general de la misma. La informaci\u00f3n recopilada es an\u00f3nima y permite optimizar la navegaci\u00f3n por nuestra p\u00e1gina web y garantizar el mejor servicio al usuario. Utilizamos cookies propias y de terceros para el an\u00e1lisis de nuestra p\u00e1gina. El usuario puede excluir su actividad mediante los sistemas de exclusi\u00f3n facilitados por las herramientas anal\u00edticas.<\/p><\/li><li><strong>Cookies de uso interno<\/strong><p>Para el funcionamiento de la web. Utilizamos cookies para: permitir la autenticaci\u00f3n del usuario; el mantenimiento de la sesi\u00f3n cuando navega por la p\u00e1gina; la contrataci\u00f3n de un producto o servicio; establecer las preferencias del idioma seleccionadas por el usuario o gestionar el acceso del usuario al centro de soporte. La desactivaci\u00f3n de estas cookies, mediante el bloqueo de cookies en las opciones del navegador, puede impedir el funcionamiento correcto de algunas de las funcionalidades de la web.<\/p><\/li><li><strong>Cookies usadas por redes sociales<\/strong><p>Los botones de redes sociales permiten al usuario compartir contenidos de su inter\u00e9s con su c\u00edrculo social. Las cookies utilizadas por redes sociales evitan que el usuario tenga que introducir nuevamente sus datos para compartir dichos contenidos. Dichos botones no tienen acceso a los datos introducidos por los usuarios al compartir un contenido en una red social.<\/p><\/li><li><strong>Cookies usadas por complementos externos de contenido<\/strong><p>Contenidos o servicios proporcionados por terceros proveedores, como por ejemplo, v\u00eddeos alojados en Youtube o aplicaciones de Google Maps, para nuestra localizaci\u00f3n f\u00edsica. Las cookies utilizadas por estos proveedores son necesarias para que el usuario pueda acceder a dicho servicio y se rigen por lo dispuesto en sus respectivas pol\u00edticas de cookies.<\/p><\/li><\/ol>\t\t\t\t\t\t\t\t<\/div>\n\t\t\t\t\t<\/div>\n\t\t\t\t<\/div>\n\t\t\t\t<\/div>\n\t\t","protected":false},"excerpt":{"rendered":"<p>El presente sitio\u00a0http:\/\/www.semanasantaleon.org, titularidad de\u00a0Junta Mayor de Cofrad\u00edas y Hermandades de la Semana Santa de Le\u00f3n\u00a0utiliza cookies propias y de terceros para mejorar la experiencia de usuario y ofrecer contenidos adaptados a sus intereses, mediante la personalizaci\u00f3n de espacios publicitarios. Con el registro en la web y\/o la mera navegaci\u00f3n (con el navegador habilitado para [&hellip;]<\/p>\n","protected":false},"author":1,"featured_media":0,"parent":0,"menu_order":0,"comment_status":"closed","ping_status":"closed","template":"elementor_header_footer","meta":{"footnotes":""},"class_list":["post-238","page","type-page","status-publish","hentry"],"_links":{"self":[{"href":"https:\/\/pruebas.cursopracticoseo.com\/wordpress_o\/wp-json\/wp\/v2\/pages\/238","targetHints":{"allow":["GET"]}}],"collection":[{"href":"https:\/\/pruebas.cursopracticoseo.com\/wordpress_o\/wp-json\/wp\/v2\/pages"}],"about":[{"href":"https:\/\/pruebas.cursopracticoseo.com\/wordpress_o\/wp-json\/wp\/v2\/types\/page"}],"author":[{"embeddable":true,"href":"https:\/\/pruebas.cursopracticoseo.com\/wordpress_o\/wp-json\/wp\/v2\/users\/1"}],"replies":[{"embeddable":true,"href":"https:\/\/pruebas.cursopracticoseo.com\/wordpress_o\/wp-json\/wp\/v2\/comments?post=238"}],"version-history":[{"count":10,"href":"https:\/\/pruebas.cursopracticoseo.com\/wordpress_o\/wp-json\/wp\/v2\/pages\/238\/revisions"}],"predecessor-version":[{"id":5699,"href":"https:\/\/pruebas.cursopracticoseo.com\/wordpress_o\/wp-json\/wp\/v2\/pages\/238\/revisions\/5699"}],"wp:attachment":[{"href":"https:\/\/pruebas.cursopracticoseo.com\/wordpress_o\/wp-json\/wp\/v2\/media?parent=238"}],"curies":[{"name":"wp","href":"https:\/\/api.w.org\/{rel}","templated":true}]}}