{"id":130,"date":"2025-10-24T08:49:03","date_gmt":"2025-10-24T08:49:03","guid":{"rendered":"https:\/\/pruebas.cursopracticoseo.com\/?page_id=130"},"modified":"2025-11-06T09:19:10","modified_gmt":"2025-11-06T09:19:10","slug":"el-taller","status":"publish","type":"page","link":"https:\/\/pruebas.cursopracticoseo.com\/index.php\/el-taller\/","title":{"rendered":"El taller"},"content":{"rendered":"\t\t<div data-elementor-type=\"wp-post\" data-elementor-id=\"130\" class=\"elementor elementor-130\" data-elementor-post-type=\"page\">\n\t\t\t\t<div class=\"elementor-element elementor-element-fcaa149 e-flex e-con-boxed e-con e-parent\" data-id=\"fcaa149\" data-element_type=\"container\" data-settings=\"{&quot;background_background&quot;:&quot;classic&quot;}\">\n\t\t\t\t\t<div class=\"e-con-inner\">\n\t\t\t\t<div class=\"elementor-element elementor-element-9aa665d elementor-widget elementor-widget-heading\" data-id=\"9aa665d\" data-element_type=\"widget\" data-widget_type=\"heading.default\">\n\t\t\t\t\t<h2 class=\"elementor-heading-title elementor-size-default\">El taller<\/h2>\t\t\t\t<\/div>\n\t\t\t\t\t<\/div>\n\t\t\t\t<\/div>\n\t\t<div class=\"elementor-element elementor-element-8232cfc e-flex e-con-boxed e-con e-parent\" data-id=\"8232cfc\" data-element_type=\"container\">\n\t\t\t\t\t<div class=\"e-con-inner\">\n\t\t<div class=\"elementor-element elementor-element-4bbf2aa e-con-full e-flex e-con e-child\" data-id=\"4bbf2aa\" data-element_type=\"container\">\n\t\t\t\t<div class=\"elementor-element elementor-element-9c5cae6 elementor-widget elementor-widget-text-editor\" data-id=\"9c5cae6\" data-element_type=\"widget\" data-widget_type=\"text-editor.default\">\n\t\t\t\t\t\t\t\t\t<article class=\"text-token-text-primary w-full focus:outline-none [--shadow-height:45px] has-data-writing-block:pointer-events-none has-data-writing-block:-mt-(--shadow-height) has-data-writing-block:pt-(--shadow-height) [&amp;:has([data-writing-block])&gt;*]:pointer-events-auto [content-visibility:auto] supports-[content-visibility:auto]:[contain-intrinsic-size:auto_100lvh] scroll-mt-[calc(var(--header-height)+min(200px,max(70px,20svh)))]\" dir=\"auto\" tabindex=\"-1\" data-turn-id=\"cbd5c918-3158-4cc3-8112-7d1129bf0249\" data-testid=\"conversation-turn-8\" data-scroll-anchor=\"true\" data-turn=\"assistant\"><div class=\"text-base my-auto mx-auto pb-10 [--thread-content-margin:--spacing(4)] thread-sm:[--thread-content-margin:--spacing(6)] thread-lg:[--thread-content-margin:--spacing(16)] px-(--thread-content-margin)\"><div class=\"[--thread-content-max-width:40rem] thread-lg:[--thread-content-max-width:48rem] mx-auto max-w-(--thread-content-max-width) flex-1 group\/turn-messages focus-visible:outline-hidden relative flex w-full min-w-0 flex-col agent-turn\" tabindex=\"-1\"><div class=\"flex max-w-full flex-col grow\"><div class=\"min-h-8 text-message relative flex w-full flex-col items-end gap-2 text-start break-words whitespace-normal [.text-message+&amp;]:mt-1\" dir=\"auto\" data-message-author-role=\"assistant\" data-message-id=\"db0d5ea4-b570-4a9e-b73b-a3e65f0659b3\" data-message-model-slug=\"gpt-5-instant\"><div class=\"flex w-full flex-col gap-1 empty:hidden first:pt-[1px]\"><div class=\"markdown prose dark:prose-invert w-full break-words light markdown-new-styling\"><p data-start=\"0\" data-end=\"477\" data-is-last-node=\"\" data-is-only-node=\"\">La tradici\u00f3n del estuco es una herencia viva en nuestro taller. Desde la <strong>cal artesanal<\/strong> hasta los pigmentos naturales, cada superficie se convierte en un ejercicio de equilibrio entre t\u00e9cnica y sensibilidad. Nos dedicamos tanto a la restauraci\u00f3n del patrimonio hist\u00f3rico como a la <strong>creaci\u00f3n de acabados contempor\u00e1neos<\/strong>, manteni\u00e9ndonos siempre fieles a los m\u00e9todos tradicionales aprendidos en centros de excelencia como Van Der Kelen (Bruselas) y Les Ateliers du Beaucet (Francia).<\/p><\/div><\/div><\/div><\/div><\/div><\/div><\/article>\t\t\t\t\t\t\t\t<\/div>\n\t\t\t\t<div class=\"elementor-element elementor-element-87ed93f elementor-widget elementor-widget-text-editor\" data-id=\"87ed93f\" data-element_type=\"widget\" data-widget_type=\"text-editor.default\">\n\t\t\t\t\t\t\t\t\t<article class=\"text-token-text-primary w-full focus:outline-none [--shadow-height:45px] has-data-writing-block:pointer-events-none has-data-writing-block:-mt-(--shadow-height) has-data-writing-block:pt-(--shadow-height) [&amp;:has([data-writing-block])&gt;*]:pointer-events-auto [content-visibility:auto] supports-[content-visibility:auto]:[contain-intrinsic-size:auto_100lvh] scroll-mt-[calc(var(--header-height)+min(200px,max(70px,20svh)))]\" dir=\"auto\" tabindex=\"-1\" data-turn-id=\"request-WEB:acc3a17d-7259-4747-bd0a-14c602837dc3-6\" data-testid=\"conversation-turn-10\" data-scroll-anchor=\"true\" data-turn=\"assistant\"><div class=\"text-base my-auto mx-auto pb-10 [--thread-content-margin:--spacing(4)] thread-sm:[--thread-content-margin:--spacing(6)] thread-lg:[--thread-content-margin:--spacing(16)] px-(--thread-content-margin)\"><div class=\"[--thread-content-max-width:40rem] thread-lg:[--thread-content-max-width:48rem] mx-auto max-w-(--thread-content-max-width) flex-1 group\/turn-messages focus-visible:outline-hidden relative flex w-full min-w-0 flex-col agent-turn\" tabindex=\"-1\"><div class=\"flex max-w-full flex-col grow\"><div class=\"min-h-8 text-message relative flex w-full flex-col items-end gap-2 text-start break-words whitespace-normal [.text-message+&amp;]:mt-1\" dir=\"auto\" data-message-author-role=\"assistant\" data-message-id=\"156028d4-a529-49b9-80e7-a044ee26567a\" data-message-model-slug=\"gpt-5-instant\"><div class=\"flex w-full flex-col gap-1 empty:hidden first:pt-[1px]\"><div class=\"markdown prose dark:prose-invert w-full break-words light markdown-new-styling\"><p data-start=\"0\" data-end=\"443\" data-is-last-node=\"\" data-is-only-node=\"\">Los estucos de cal, el estuco m\u00e1rmol o los esgrafiados no son simples revestimientos: son pieles que respiran con la arquitectura, dialogan con la luz y devuelven a los espacios la nobleza del tiempo. En cada proyecto, reproducimos o reinventamos texturas y colores con un dominio artesanal que hemos aplicado en lugares emblem\u00e1ticos como el Palacio del Marqu\u00e9s de Dos Aguas en Valencia, el Teatro Clara Eugenia o el Congreso de los Diputados.<\/p><\/div><\/div><\/div><\/div><\/div><\/div><\/article>\t\t\t\t\t\t\t\t<\/div>\n\t\t\t\t<div class=\"elementor-element elementor-element-7407fad elementor-widget elementor-widget-text-editor\" data-id=\"7407fad\" data-element_type=\"widget\" data-widget_type=\"text-editor.default\">\n\t\t\t\t\t\t\t\t\t<article class=\"text-token-text-primary w-full focus:outline-none [--shadow-height:45px] has-data-writing-block:pointer-events-none has-data-writing-block:-mt-(--shadow-height) has-data-writing-block:pt-(--shadow-height) [&amp;:has([data-writing-block])&gt;*]:pointer-events-auto [content-visibility:auto] supports-[content-visibility:auto]:[contain-intrinsic-size:auto_100lvh] scroll-mt-[calc(var(--header-height)+min(200px,max(70px,20svh)))]\" dir=\"auto\" tabindex=\"-1\" data-turn-id=\"request-WEB:acc3a17d-7259-4747-bd0a-14c602837dc3-2\" data-testid=\"conversation-turn-2\" data-scroll-anchor=\"false\" data-turn=\"assistant\"><div class=\"text-base my-auto mx-auto [--thread-content-margin:--spacing(4)] thread-sm:[--thread-content-margin:--spacing(6)] thread-lg:[--thread-content-margin:--spacing(16)] px-(--thread-content-margin)\"><div class=\"[--thread-content-max-width:40rem] thread-lg:[--thread-content-max-width:48rem] mx-auto max-w-(--thread-content-max-width) flex-1 group\/turn-messages focus-visible:outline-hidden relative flex w-full min-w-0 flex-col agent-turn\" tabindex=\"-1\"><div class=\"flex max-w-full flex-col grow\"><div class=\"min-h-8 text-message relative flex w-full flex-col items-end gap-2 text-start break-words whitespace-normal [.text-message+&amp;]:mt-1\" dir=\"auto\" data-message-author-role=\"assistant\" data-message-id=\"009ec07b-9833-43d2-bb4a-30b8b30dc676\" data-message-model-slug=\"gpt-5-instant\"><div class=\"flex w-full flex-col gap-1 empty:hidden first:pt-[1px]\"><div class=\"streaming-animation markdown prose dark:prose-invert w-full break-words light markdown-new-styling\"><p data-start=\"0\" data-end=\"402\">Desde nuestro <strong>taller en Madrid<\/strong>, realizamos la elaboraci\u00f3n, aplicaci\u00f3n y restauraci\u00f3n de estucos y revestimientos tradicionales, uniendo la herencia artesanal con un profundo conocimiento t\u00e9cnico.<br data-start=\"195\" data-end=\"198\" \/>Procedentes de una larga tradici\u00f3n de pintura y materiales, trabajamos con cal grasa de horno de le\u00f1a, yeso y pigmentos minerales \u2014las antiguas \u201ctierras\u201d\u2014 extra\u00eddos o recuperados de minas tradicionales.<\/p><p data-start=\"404\" data-end=\"757\">Nuestra labor se basa en el <strong>respeto absoluto<\/strong> por los materiales y en la transmisi\u00f3n de t\u00e9cnicas artesanales que han demostrado su eficacia durante siglos. Defendemos la idea de que la aut\u00e9ntica modernidad reside en conservar y aplicar los saberes que han construido nuestro patrimonio, adapt\u00e1ndolos con rigor y sensibilidad a las necesidades actuales.<\/p><p data-start=\"759\" data-end=\"933\" data-is-last-node=\"\" data-is-only-node=\"\">Cada proyecto es una b\u00fasqueda de equilibrio entre t\u00e9cnica, historia y materia, donde el estuco vuelve a ser lo que siempre fue: una piel viva que respira con la arquitectura.<\/p><\/div><\/div><\/div><\/div><\/div><\/div><\/article>\t\t\t\t\t\t\t\t<\/div>\n\t\t\t\t<\/div>\n\t\t<div class=\"elementor-element elementor-element-59b1d65 e-con-full e-flex e-con e-child\" data-id=\"59b1d65\" data-element_type=\"container\">\n\t\t\t\t<div class=\"elementor-element elementor-element-f9dc2ee elementor-widget elementor-widget-image\" data-id=\"f9dc2ee\" data-element_type=\"widget\" data-widget_type=\"image.default\">\n\t\t\t\t\t\t\t\t\t\t\t\t\t\t\t<img fetchpriority=\"high\" decoding=\"async\" width=\"768\" height=\"1024\" src=\"https:\/\/pruebas.cursopracticoseo.com\/wp-content\/uploads\/2025\/10\/IMG_2986-768x1024.jpg\" class=\"attachment-large size-large wp-image-93\" alt=\"\" srcset=\"https:\/\/pruebas.cursopracticoseo.com\/wp-content\/uploads\/2025\/10\/IMG_2986-768x1024.jpg 768w, https:\/\/pruebas.cursopracticoseo.com\/wp-content\/uploads\/2025\/10\/IMG_2986-225x300.jpg 225w, https:\/\/pruebas.cursopracticoseo.com\/wp-content\/uploads\/2025\/10\/IMG_2986-1152x1536.jpg 1152w, https:\/\/pruebas.cursopracticoseo.com\/wp-content\/uploads\/2025\/10\/IMG_2986-1536x2048.jpg 1536w, https:\/\/pruebas.cursopracticoseo.com\/wp-content\/uploads\/2025\/10\/IMG_2986-scaled.jpg 1920w\" sizes=\"(max-width: 768px) 100vw, 768px\" \/>\t\t\t\t\t\t\t\t\t\t\t\t\t\t\t<\/div>\n\t\t\t\t<\/div>\n\t\t\t\t\t<\/div>\n\t\t\t\t<\/div>\n\t\t<div class=\"elementor-element elementor-element-36fa206 e-flex e-con-boxed e-con e-parent\" data-id=\"36fa206\" data-element_type=\"container\" data-settings=\"{&quot;background_background&quot;:&quot;classic&quot;}\">\n\t\t\t\t\t<div class=\"e-con-inner\">\n\t\t<div class=\"elementor-element elementor-element-b6fbadc e-con-full e-flex e-con e-child\" data-id=\"b6fbadc\" data-element_type=\"container\">\n\t\t\t\t<div class=\"elementor-element elementor-element-3e411da elementor-widget elementor-widget-image\" data-id=\"3e411da\" data-element_type=\"widget\" data-widget_type=\"image.default\">\n\t\t\t\t\t\t\t\t\t\t\t\t\t\t\t<img decoding=\"async\" width=\"800\" height=\"936\" src=\"https:\/\/pruebas.cursopracticoseo.com\/wp-content\/uploads\/2025\/10\/Captura-de-pantalla-2025-10-24-a-las-12.27.34-875x1024.png\" class=\"attachment-large size-large wp-image-163\" alt=\"\" srcset=\"https:\/\/pruebas.cursopracticoseo.com\/wp-content\/uploads\/2025\/10\/Captura-de-pantalla-2025-10-24-a-las-12.27.34-875x1024.png 875w, https:\/\/pruebas.cursopracticoseo.com\/wp-content\/uploads\/2025\/10\/Captura-de-pantalla-2025-10-24-a-las-12.27.34-256x300.png 256w, https:\/\/pruebas.cursopracticoseo.com\/wp-content\/uploads\/2025\/10\/Captura-de-pantalla-2025-10-24-a-las-12.27.34-768x899.png 768w, https:\/\/pruebas.cursopracticoseo.com\/wp-content\/uploads\/2025\/10\/Captura-de-pantalla-2025-10-24-a-las-12.27.34-1312x1536.png 1312w, https:\/\/pruebas.cursopracticoseo.com\/wp-content\/uploads\/2025\/10\/Captura-de-pantalla-2025-10-24-a-las-12.27.34.png 1594w\" sizes=\"(max-width: 800px) 100vw, 800px\" \/>\t\t\t\t\t\t\t\t\t\t\t\t\t\t\t<\/div>\n\t\t\t\t<\/div>\n\t\t<div class=\"elementor-element elementor-element-0c877ba e-con-full e-flex e-con e-child\" data-id=\"0c877ba\" data-element_type=\"container\">\n\t\t\t\t<div class=\"elementor-element elementor-element-36555c7 elementor-widget elementor-widget-heading\" data-id=\"36555c7\" data-element_type=\"widget\" data-widget_type=\"heading.default\">\n\t\t\t\t\t<h2 class=\"elementor-heading-title elementor-size-default\">TRABAJOS<\/h2>\t\t\t\t<\/div>\n\t\t\t\t<div class=\"elementor-element elementor-element-368a5e5 elementor-widget elementor-widget-heading\" data-id=\"368a5e5\" data-element_type=\"widget\" data-widget_type=\"heading.default\">\n\t\t\t\t\t<h2 class=\"elementor-heading-title elementor-size-default\">ESTUCOS<\/h2>\t\t\t\t<\/div>\n\t\t\t\t<div class=\"elementor-element elementor-element-b3f63f0 elementor-widget elementor-widget-text-editor\" data-id=\"b3f63f0\" data-element_type=\"widget\" data-widget_type=\"text-editor.default\">\n\t\t\t\t\t\t\t\t\t\n<ul>\n \t<li data-start=\"1401\" data-end=\"1547\">\n<p data-start=\"1403\" data-end=\"1547\">Estucos decorativos: imitaciones de m\u00e1rmol y madera, esgrafiados, molduras ornamentales, incrustaciones.<\/p>\n<\/li>\n<\/ul>\t\t\t\t\t\t\t\t<\/div>\n\t\t\t\t<div class=\"elementor-element elementor-element-ff61279 elementor-widget elementor-widget-heading\" data-id=\"ff61279\" data-element_type=\"widget\" data-widget_type=\"heading.default\">\n\t\t\t\t\t<h2 class=\"elementor-heading-title elementor-size-default\">RESTAURACI\u00d3N<\/h2>\t\t\t\t<\/div>\n\t\t\t\t<div class=\"elementor-element elementor-element-98a96a9 elementor-widget elementor-widget-text-editor\" data-id=\"98a96a9\" data-element_type=\"widget\" data-widget_type=\"text-editor.default\">\n\t\t\t\t\t\t\t\t\t<ul><li data-start=\"1548\" data-end=\"1758\"><p data-start=\"1550\" data-end=\"1758\">Restauraci\u00f3n de estucos, revocos y yeser\u00edas en edificaciones hist\u00f3ricas: reintegraci\u00f3n de superficies, reinicio de texturas originales, uso de materiales tradicionales.<\/p><\/li><\/ul>\t\t\t\t\t\t\t\t<\/div>\n\t\t\t\t<div class=\"elementor-element elementor-element-7673978 elementor-widget elementor-widget-heading\" data-id=\"7673978\" data-element_type=\"widget\" data-widget_type=\"heading.default\">\n\t\t\t\t\t<h2 class=\"elementor-heading-title elementor-size-default\">INVESTIGACI\u00d3N Y DOCENCIA<\/h2>\t\t\t\t<\/div>\n\t\t\t\t<div class=\"elementor-element elementor-element-8126a34 elementor-widget elementor-widget-text-editor\" data-id=\"8126a34\" data-element_type=\"widget\" data-widget_type=\"text-editor.default\">\n\t\t\t\t\t\t\t\t\t<ul><li data-start=\"1759\" data-end=\"1969\"><p data-start=\"1761\" data-end=\"1969\">Investigaci\u00f3n y docencia: el taller tambi\u00e9n act\u00faa como centro de formaci\u00f3n y estudio de oficios artesanales, tanto para profesionales como para quienes deseen aprender.<\/p><\/li><\/ul>\t\t\t\t\t\t\t\t<\/div>\n\t\t\t\t<\/div>\n\t\t\t\t\t<\/div>\n\t\t\t\t<\/div>\n\t\t<div class=\"elementor-element elementor-element-56e578b e-flex e-con-boxed e-con e-parent\" data-id=\"56e578b\" data-element_type=\"container\">\n\t\t\t\t\t<div class=\"e-con-inner\">\n\t\t\t\t<div class=\"elementor-element elementor-element-251d52e elementor-widget elementor-widget-heading\" data-id=\"251d52e\" data-element_type=\"widget\" data-widget_type=\"heading.default\">\n\t\t\t\t\t<h2 class=\"elementor-heading-title elementor-size-default\">Nuestra diferencia est\u00e1 en formular materiales, morteros y pinturas a partir de los productos naturales.<\/h2>\t\t\t\t<\/div>\n\t\t\t\t\t<\/div>\n\t\t\t\t<\/div>\n\t\t<div class=\"elementor-element elementor-element-8227ad1 e-flex e-con-boxed e-con e-parent\" data-id=\"8227ad1\" data-element_type=\"container\" data-settings=\"{&quot;background_background&quot;:&quot;classic&quot;}\">\n\t\t\t\t\t<div class=\"e-con-inner\">\n\t\t\t\t<div class=\"elementor-element elementor-element-202a937 elementor-pagination-type-bullets elementor-arrows-position-inside elementor-pagination-position-outside elementor-widget elementor-widget-n-carousel\" data-id=\"202a937\" data-element_type=\"widget\" data-settings=\"{&quot;carousel_items&quot;:[{&quot;slide_title&quot;:&quot;Diapositiva n\\u00ba 1&quot;,&quot;_id&quot;:&quot;a2ff639&quot;},{&quot;slide_title&quot;:&quot;Diapositiva n\\u00ba 2&quot;,&quot;_id&quot;:&quot;796cc2d&quot;},{&quot;slide_title&quot;:&quot;Diapositiva n\\u00ba 3&quot;,&quot;_id&quot;:&quot;c7039a3&quot;},{&quot;slide_title&quot;:&quot;Diapositiva n\\u00ba 3&quot;,&quot;_id&quot;:&quot;eec10ca&quot;}],&quot;slides_to_show_tablet&quot;:&quot;2&quot;,&quot;slides_to_show_mobile&quot;:&quot;1&quot;,&quot;autoplay&quot;:&quot;yes&quot;,&quot;autoplay_speed&quot;:5000,&quot;pause_on_hover&quot;:&quot;yes&quot;,&quot;pause_on_interaction&quot;:&quot;yes&quot;,&quot;infinite&quot;:&quot;yes&quot;,&quot;speed&quot;:500,&quot;offset_sides&quot;:&quot;none&quot;,&quot;arrows&quot;:&quot;yes&quot;,&quot;pagination&quot;:&quot;bullets&quot;,&quot;image_spacing_custom&quot;:{&quot;unit&quot;:&quot;px&quot;,&quot;size&quot;:10,&quot;sizes&quot;:[]},&quot;image_spacing_custom_tablet&quot;:{&quot;unit&quot;:&quot;px&quot;,&quot;size&quot;:&quot;&quot;,&quot;sizes&quot;:[]},&quot;image_spacing_custom_mobile&quot;:{&quot;unit&quot;:&quot;px&quot;,&quot;size&quot;:&quot;&quot;,&quot;sizes&quot;:[]}}\" data-widget_type=\"nested-carousel.default\">\n\t\t\t\t\t\t\t<div class=\"e-n-carousel swiper\" role=\"region\" aria-roledescription=\"carousel\" aria-label=\"Carrusel\" dir=\"ltr\">\n\t\t\t<div class=\"swiper-wrapper\" aria-live=\"off\">\n\t\t\t\t\t\t\t\t\t\t<div class=\"swiper-slide\" data-slide=\"1\" role=\"group\" aria-roledescription=\"slide\" aria-label=\"1 of 4\">\n\t\t\t\t\t\t\t<div class=\"elementor-element elementor-element-8adccf7 e-flex e-con-boxed e-con e-child\" data-id=\"8adccf7\" data-element_type=\"container\">\n\t\t\t\t\t<div class=\"e-con-inner\">\n\t\t\t\t<div class=\"elementor-element elementor-element-1890a9d elementor-widget elementor-widget-image\" data-id=\"1890a9d\" data-element_type=\"widget\" data-widget_type=\"image.default\">\n\t\t\t\t\t\t\t\t\t\t\t\t\t\t\t<img decoding=\"async\" width=\"724\" height=\"542\" src=\"https:\/\/pruebas.cursopracticoseo.com\/wp-content\/uploads\/2025\/10\/BecaLuis1.webp\" class=\"attachment-large size-large wp-image-175\" alt=\"\" srcset=\"https:\/\/pruebas.cursopracticoseo.com\/wp-content\/uploads\/2025\/10\/BecaLuis1.webp 724w, https:\/\/pruebas.cursopracticoseo.com\/wp-content\/uploads\/2025\/10\/BecaLuis1-300x225.webp 300w\" sizes=\"(max-width: 724px) 100vw, 724px\" \/>\t\t\t\t\t\t\t\t\t\t\t\t\t\t\t<\/div>\n\t\t\t\t\t<\/div>\n\t\t\t\t<\/div>\n\t\t\t\t\t\t\t\t<\/div>\n\t\t\t\t\t\t\t\t\t\t\t<div class=\"swiper-slide\" data-slide=\"2\" role=\"group\" aria-roledescription=\"slide\" aria-label=\"2 of 4\">\n\t\t\t\t\t\t\t<div class=\"elementor-element elementor-element-338f093 e-flex e-con-boxed e-con e-child\" data-id=\"338f093\" data-element_type=\"container\">\n\t\t\t\t\t<div class=\"e-con-inner\">\n\t\t\t\t<div class=\"elementor-element elementor-element-95f88dd elementor-widget elementor-widget-image\" data-id=\"95f88dd\" data-element_type=\"widget\" data-widget_type=\"image.default\">\n\t\t\t\t\t\t\t\t\t\t\t\t\t\t\t<img loading=\"lazy\" decoding=\"async\" width=\"500\" height=\"274\" src=\"https:\/\/pruebas.cursopracticoseo.com\/wp-content\/uploads\/2025\/10\/luis.jpg\" class=\"attachment-large size-large wp-image-177\" alt=\"\" srcset=\"https:\/\/pruebas.cursopracticoseo.com\/wp-content\/uploads\/2025\/10\/luis.jpg 500w, https:\/\/pruebas.cursopracticoseo.com\/wp-content\/uploads\/2025\/10\/luis-300x164.jpg 300w\" sizes=\"(max-width: 500px) 100vw, 500px\" \/>\t\t\t\t\t\t\t\t\t\t\t\t\t\t\t<\/div>\n\t\t\t\t\t<\/div>\n\t\t\t\t<\/div>\n\t\t\t\t\t\t\t\t<\/div>\n\t\t\t\t\t\t\t\t\t\t\t<div class=\"swiper-slide\" data-slide=\"3\" role=\"group\" aria-roledescription=\"slide\" aria-label=\"3 of 4\">\n\t\t\t\t\t\t\t<div class=\"elementor-element elementor-element-7cb1fd8 e-flex e-con-boxed e-con e-child\" data-id=\"7cb1fd8\" data-element_type=\"container\">\n\t\t\t\t\t<div class=\"e-con-inner\">\n\t\t\t\t<div class=\"elementor-element elementor-element-fd73f3e elementor-widget elementor-widget-image\" data-id=\"fd73f3e\" data-element_type=\"widget\" data-widget_type=\"image.default\">\n\t\t\t\t\t\t\t\t\t\t\t\t\t\t\t<img loading=\"lazy\" decoding=\"async\" width=\"600\" height=\"168\" src=\"https:\/\/pruebas.cursopracticoseo.com\/wp-content\/uploads\/2025\/10\/hoja-de-contactos-001-copia.webp\" class=\"attachment-large size-large wp-image-176\" alt=\"\" srcset=\"https:\/\/pruebas.cursopracticoseo.com\/wp-content\/uploads\/2025\/10\/hoja-de-contactos-001-copia.webp 600w, https:\/\/pruebas.cursopracticoseo.com\/wp-content\/uploads\/2025\/10\/hoja-de-contactos-001-copia-300x84.webp 300w\" sizes=\"(max-width: 600px) 100vw, 600px\" \/>\t\t\t\t\t\t\t\t\t\t\t\t\t\t\t<\/div>\n\t\t\t\t\t<\/div>\n\t\t\t\t<\/div>\n\t\t\t\t\t\t\t\t<\/div>\n\t\t\t\t\t\t\t\t\t\t\t<div class=\"swiper-slide\" data-slide=\"4\" role=\"group\" aria-roledescription=\"slide\" aria-label=\"4 of 4\">\n\t\t\t\t\t\t\t<div class=\"elementor-element elementor-element-f4d3cac e-flex e-con-boxed e-con e-child\" data-id=\"f4d3cac\" data-element_type=\"container\">\n\t\t\t\t\t<div class=\"e-con-inner\">\n\t\t\t\t<div class=\"elementor-element elementor-element-0518eb1 elementor-widget elementor-widget-image\" data-id=\"0518eb1\" data-element_type=\"widget\" data-widget_type=\"image.default\">\n\t\t\t\t\t\t\t\t\t\t\t\t\t\t\t<img decoding=\"async\" width=\"724\" height=\"542\" src=\"https:\/\/pruebas.cursopracticoseo.com\/wp-content\/uploads\/2025\/10\/BecaLuis1.webp\" class=\"attachment-large size-large wp-image-175\" alt=\"\" srcset=\"https:\/\/pruebas.cursopracticoseo.com\/wp-content\/uploads\/2025\/10\/BecaLuis1.webp 724w, https:\/\/pruebas.cursopracticoseo.com\/wp-content\/uploads\/2025\/10\/BecaLuis1-300x225.webp 300w\" sizes=\"(max-width: 724px) 100vw, 724px\" \/>\t\t\t\t\t\t\t\t\t\t\t\t\t\t\t<\/div>\n\t\t\t\t\t<\/div>\n\t\t\t\t<\/div>\n\t\t\t\t\t\t\t\t<\/div>\n\t\t\t\t\t\t\t\t<\/div>\n\t\t<\/div>\n\t\t\t\t\t<div class=\"elementor-swiper-button elementor-swiper-button-prev\" role=\"button\" tabindex=\"0\" aria-label=\"Anterior\">\n\t\t\t\t<svg aria-hidden=\"true\" class=\"e-font-icon-svg e-eicon-chevron-left\" viewBox=\"0 0 1000 1000\" xmlns=\"http:\/\/www.w3.org\/2000\/svg\"><path d=\"M646 125C629 125 613 133 604 142L308 442C296 454 292 471 292 487 292 504 296 521 308 533L604 854C617 867 629 875 646 875 663 875 679 871 692 858 704 846 713 829 713 812 713 796 708 779 692 767L438 487 692 225C700 217 708 204 708 187 708 171 704 154 692 142 675 129 663 125 646 125Z\"><\/path><\/svg>\t\t\t<\/div>\n\t\t\t<div class=\"elementor-swiper-button elementor-swiper-button-next\" role=\"button\" tabindex=\"0\" aria-label=\"Siguiente\">\n\t\t\t\t<svg aria-hidden=\"true\" class=\"e-font-icon-svg e-eicon-chevron-right\" viewBox=\"0 0 1000 1000\" xmlns=\"http:\/\/www.w3.org\/2000\/svg\"><path d=\"M696 533C708 521 713 504 713 487 713 471 708 454 696 446L400 146C388 133 375 125 354 125 338 125 325 129 313 142 300 154 292 171 292 187 292 204 296 221 308 233L563 492 304 771C292 783 288 800 288 817 288 833 296 850 308 863 321 871 338 875 354 875 371 875 388 867 400 854L696 533Z\"><\/path><\/svg>\t\t\t<\/div>\n\t\t\t\t\t<div class=\"swiper-pagination\"><\/div>\n\t\t\t\t\t\t<\/div>\n\t\t\t\t\t<\/div>\n\t\t\t\t<\/div>\n\t\t\t\t<\/div>\n\t\t","protected":false},"excerpt":{"rendered":"<p>La tradici\u00f3n del estuco es una herencia viva en nuestro taller. Desde la cal artesanal hasta los pigmentos naturales, cada superficie se convierte en un ejercicio de equilibrio entre t\u00e9cnica y sensibilidad. Nos dedicamos tanto a la restauraci\u00f3n del patrimonio hist\u00f3rico como a la creaci\u00f3n de acabados contempor\u00e1neos, manteni\u00e9ndonos siempre fieles a los m\u00e9todos tradicionales [&hellip;]<\/p>\n","protected":false},"author":1,"featured_media":0,"parent":0,"menu_order":0,"comment_status":"closed","ping_status":"closed","template":"","meta":{"footnotes":""},"class_list":["post-130","page","type-page","status-publish","hentry"],"_links":{"self":[{"href":"https:\/\/pruebas.cursopracticoseo.com\/index.php\/wp-json\/wp\/v2\/pages\/130","targetHints":{"allow":["GET"]}}],"collection":[{"href":"https:\/\/pruebas.cursopracticoseo.com\/index.php\/wp-json\/wp\/v2\/pages"}],"about":[{"href":"https:\/\/pruebas.cursopracticoseo.com\/index.php\/wp-json\/wp\/v2\/types\/page"}],"author":[{"embeddable":true,"href":"https:\/\/pruebas.cursopracticoseo.com\/index.php\/wp-json\/wp\/v2\/users\/1"}],"replies":[{"embeddable":true,"href":"https:\/\/pruebas.cursopracticoseo.com\/index.php\/wp-json\/wp\/v2\/comments?post=130"}],"version-history":[{"count":46,"href":"https:\/\/pruebas.cursopracticoseo.com\/index.php\/wp-json\/wp\/v2\/pages\/130\/revisions"}],"predecessor-version":[{"id":431,"href":"https:\/\/pruebas.cursopracticoseo.com\/index.php\/wp-json\/wp\/v2\/pages\/130\/revisions\/431"}],"wp:attachment":[{"href":"https:\/\/pruebas.cursopracticoseo.com\/index.php\/wp-json\/wp\/v2\/media?parent=130"}],"curies":[{"name":"wp","href":"https:\/\/api.w.org\/{rel}","templated":true}]}}